{"id":18,"date":"2018-09-25T09:30:45","date_gmt":"2018-09-25T09:30:45","guid":{"rendered":"https:\/\/template.creators-bundle.com\/?page_id=18"},"modified":"2026-03-04T14:08:02","modified_gmt":"2026-03-04T13:08:02","slug":"startseite","status":"publish","type":"page","link":"https:\/\/www.psom.ch\/pt\/","title":{"rendered":"P\u00e1gina inicial"},"content":{"rendered":"<figure itemscope itemtype=\"https:\/\/schema.org\/ImageObject\">\n\t\t\t\t<img decoding=\"async\" src=\"https:\/\/www.psom.ch\/wp-content\/uploads\/2023\/05\/PSOM_2023-2024_Logo-portrait.png\" alt=\"PSOM 2023 2024 Logo Portrait\" height=\"2191\" width=\"3000\" title=\"PSOM 2023 2024 Retrato do log\u00f3tipo\" onerror=\"this.style.display='none'\" loading=\"lazy\" \/>\n\t<\/figure>\n\t\t<h3>Inscri\u00e7\u00e3o<\/h3>\n\t\t<p>A candidatura 2026\/2027 est\u00e1 aberta<\/p>\n<p>&nbsp;<\/p>\n\t\t\t<a href=\"https:\/\/www.psom.ch\/pt\/anmeldung\/\"  target=\"_self\">\n\t\t\t\t\t\t\tInicia sess\u00e3o\n\t\t\t\t\t<\/a>\n\t<p>Uma escola de vis\u00e3o prof\u00e9tica. Acreditamos que todos t\u00eam o dom da profecia e que podem continuar a desenvolv\u00ea-lo. John Sagoe (diretor da escola) e uma equipa de oradores convidados ensinar\u00e3o a partir da sua pr\u00f3pria experi\u00eancia durante sete fins-de-semana em sete meses no Prophetic School of Ministry.<\/p>\n<p>A Escola Prof\u00e9tica de Minist\u00e9rio inclui tanto o aspeto escolar como o aspeto ministerial. Haver\u00e1 oportunidades para o exerc\u00edcio pr\u00e1tico dos dons e haver\u00e1 ac\u00e7\u00f5es de sensibiliza\u00e7\u00e3o. Nunca ter\u00e1s um momento de t\u00e9dio. Podes estar entusiasmado.<\/p>\n\t\t\t<a href=\"https:\/\/www.psom.ch\/pt\/anmeldung\/\"  target=\"_self\">\n\t\t\t\t\t\t\tInscri\u00e7\u00e3o\n\t\t\t\t\t<\/a>\n<h3>\n\t\t\tUma realiza\u00e7\u00e3o sem compromissos.\t<\/h3>\n\t<p>Receber\u00e1s ensinamentos b\u00edblicos reveladores baseados no que Deus est\u00e1 a fazer atualmente. No pulso do tempo - no cora\u00e7\u00e3o do Pai.<\/p>\n<h3>\n\t\t\tEquipado para o servi\u00e7o.\t<\/h3>\n\t<p>Recebe \"ferramentas\" para cumprir o minist\u00e9rio a que foste chamado.<\/p>\n<h3>\n\t\t\tTorna-te apaixonado.\t<\/h3>\n\t<p>Deixa-te contagiar pela paix\u00e3o dos outros e ganha coragem para dar o salto!<\/p>\n<h3>\n\t\t\tRefor\u00e7a a f\u00e9 e o poder.\t<\/h3>\n\t<p>Receber\u00e1s um impulso de f\u00e9 sobrenatural e um poder espiritual para ousar mais por Jesus e fazer grandes obras.<\/p>\n<h3>\n\t\t\tGrande rede de colunas.\t<\/h3>\n\t<p>Temos a rede de que precisas. Todos os anos, convidamos grandes oradores de todo o mundo para te ajudarem.<\/p>\n<h3>\n\t\t\tObt\u00e9m respostas.\t<\/h3>\n\t<p>A nossa equipa responder\u00e1 \u00e0s tuas perguntas sobre a vida, o minist\u00e9rio e assuntos espirituais. Haver\u00e1 tamb\u00e9m tempo para perguntas e respostas com os nossos oradores.<\/p>\n<h2>\n\t\t\tO que te espera?\t<\/h2>\n<h2>\n\t\t\tDatas\t<\/h2>\n\t\t\t\t\t\t\t<p>4. &#8211; 6. September 2026<\/p>\n\t\t\t\t\t\t\t<p>Escola<\/p>\t\t\t\t\t\t\t\t\t\t\t\t\t\n\t\t\t\t\t\t\t<p>6. &#8211; 9. Oktober 2026 (72h nonstop)<\/p>\n\t\t\t\t\t\t\t<p>\u00a0<a href=\"https:\/\/72hworship.ch\">Louvor, Ora\u00e7\u00e3o e Profecia<\/a><\/p>\t\t\t\t\t\t\t\t\t\t\t\t\t\n\t\t\t\t\t\t\t<p>6. &#8211; 8. November 2026<\/p>\n\t\t\t\t\t\t\t<p>Escola<\/p>\t\t\t\t\t\t\t\t\t\t\t\t\t\n\t\t\t\t\t\t\t<p>11. &#8211; 13. Dezember 2026<\/p>\n\t\t\t\t\t\t\t<p>Escola<\/p>\t\t\t\t\t\t\t\t\t\t\t\t\t\n\t\t\t\t\t\t\t<p>22. &#8211; 24. Januar 2027<\/p>\n\t\t\t\t\t\t\t<p>Escola<\/p>\t\t\t\t\t\t\t\t\t\t\t\t\t\n\t\t\t\t\t\t\t<p>19. &#8211; 21. Februar 2027<\/p>\n\t\t\t\t\t\t\t<p>Escola<\/p>\t\t\t\t\t\t\t\t\t\t\t\t\t\n\t\t\t\t\t\t\t<p>12. &#8211; 14. M\u00e4rz 2027<\/p>\n\t\t\t\t\t\t\t<p>Fim de semana de encerramento<\/p>\t\t\t\t\t\t\t\t\t\t\t\t\t\n<h2>\n\t\t\tPrograma\t<\/h2>\n<h3>\n\t\t\tSexta-feira, 19:00 - 21:30\t<\/h3>\n\t<p>Adora\u00e7\u00e3o, ensino, servi\u00e7o de ora\u00e7\u00e3o<\/p>\n<h3>\n\t\t\tS\u00e1bado, 9:30 - 17:00\t<\/h3>\n\tAdora\u00e7\u00e3o e Ensino<br \/>\nO almo\u00e7o \u00e9 partilhado (o almo\u00e7o n\u00e3o est\u00e1 inclu\u00eddo na contribui\u00e7\u00e3o para as despesas). Durante a tarde, aprofunda os temas ou faz ac\u00e7\u00f5es de sensibiliza\u00e7\u00e3o.\n<h3>\n\t\t\tSonntag, 10:00 &#8211; 12:00 Uhr\t<\/h3>\n\t<p>Adora\u00e7\u00e3o, ensino e minist\u00e9rio de ora\u00e7\u00e3o prof\u00e9tica.<\/p>\n<h2>\n\t\t\tLocalidade\t<\/h2>\n<h2>\n\t\t\tEst\u00e1s interessado?\t<\/h2>\n\t<p>D\u00e1 um passo e inscreve-te agora no novo Prophetic School of Ministry.<\/p>\n\t\t\t<a href=\"https:\/\/www.psom.ch\/pt\/anmeldung\/\"  target=\"_self\">\n\t\t\t\t\t\t\tRegista-te agora\n\t\t\t\t\t<\/a>\n<h2>\n\t\t\tSobre a escola\t<\/h2>\n\t\t\t\t\t<a role=\"heading\" aria-level=\"2\" tabindex=\"-1\"  id=\"fl-accordion--label-0\">Vis\u00e3o e objectivo<\/a>\n\t\t\t\t\t\t\t\t\t\t\t<button type=\"button\" id=\"fl-accordion--icon-0\" aria-expanded=\"false\" aria-controls=\"fl-accordion--panel-0\"><i>Expandir<\/i><\/button>\n\t\t\t\t\t<p>O anfitri\u00e3o da Escola de Minist\u00e9rio Su\u00ed\u00e7a \u00e9 a New International Church sob a lideran\u00e7a do pastor principal John Sagoe, que tem vindo a organizar esta escola todos os anos desde 2010. New International Church \u00e9 um movimento crist\u00e3o com sede em Biel, Su\u00ed\u00e7a, desde 2003.<\/p>\n<p>O New International Church como um movimento prof\u00e9tico-apost\u00f3lico n\u00e3o s\u00f3 fala do poder de Deus - n\u00f3s o vivemos todos os dias! Os alunos v\u00eam para esta atmosfera prof\u00e9tico-apost\u00f3lica e un\u00e7\u00e3o para serem capacitados com ela!<\/p>\n<p>Estamos apenas a agir de acordo com a orienta\u00e7\u00e3o prof\u00e9tica do que Deus est\u00e1 a dizer neste momento, e a nossa vis\u00e3o \u00e9 ver todos os alunos a trabalharem neste n\u00edvel de gra\u00e7a e depois levarem isso para as suas igrejas e minist\u00e9rios, para as suas casas e ruas, para os seus locais de trabalho e assim por diante - causando um grande impacto.<\/p>\n<p>O nosso objetivo \u00e9 ganhar este mundo para Cristo atrav\u00e9s de uma mudan\u00e7a de poder e efic\u00e1cia como no tempo da primeira igreja, mas com uma abordagem moderna!<\/p>\n<p>Vai l\u00e1 e experimenta a mudan\u00e7a de dentro para fora.<\/p>\n<p>Mais informa\u00e7\u00f5es sobre o <a href=\"http:\/\/www.nic-biel.ch\">New International Church<\/a><\/p>\n\t\t\t\t\t<a role=\"heading\" aria-level=\"2\" tabindex=\"-1\"  id=\"fl-accordion--label-1\">O nosso foco<\/a>\n\t\t\t\t\t\t\t\t\t\t\t<button type=\"button\" id=\"fl-accordion--icon-1\" aria-expanded=\"false\" aria-controls=\"fl-accordion--panel-1\"><i>Expandir<\/i><\/button>\n\t\t\t\t\t<p><strong>O nosso foco: As Sagradas Escrituras<\/strong><\/p>\n<p>A B\u00edblia cont\u00e9m 39 livros do Antigo Testamento e 27 livros do Novo Testamento e \u00e9 a inspirada Palavra de Deus. Aceitamos a B\u00edblia como a autoridade final em todas as \u00e1reas de conduta e ac\u00e7\u00e3o crist\u00e3 (2 Tim\u00f3teo 3:16-17; Prov\u00e9rbios 30:5-6; Apocalipse 22:18-19).<\/p>\n<p>Os primeiros crentes estavam muito conscientes da necessidade de estarem firmemente alicer\u00e7ados na doutrina da f\u00e9. Jovens e velhos, empenhados em actividades espirituais que refor\u00e7avam e constru\u00edam o seu car\u00e1cter e convic\u00e7\u00e3o crist\u00e3os. Estudaram a doutrina, oraram e celebraram a Ceia do Senhor (Actos 2:41-47). As evid\u00eancias mostram que o estudo da Palavra ocupava um lugar prim\u00e1rio no seu minist\u00e9rio. As actividades cheias do Esp\u00edrito dos primeiros crentes levaram a um tremendo crescimento nas igrejas primitivas.<\/p>\n<p>Al\u00e9m disso, trouxe ousadia, firmeza e crescimento pessoal (Daniel 11,32; Actos 4,19-20), at\u00e9 que toda a Jerusal\u00e9m se encheu com o ensinamento de Cristo (Actos 5,28).<\/p>\n\t\t\t\t\t<a role=\"heading\" aria-level=\"2\" tabindex=\"-1\"  id=\"fl-accordion--label-2\">10 pontos sobre o minist\u00e9rio prof\u00e9tico<\/a>\n\t\t\t\t\t\t\t\t\t\t\t<button type=\"button\" id=\"fl-accordion--icon-2\" aria-expanded=\"false\" aria-controls=\"fl-accordion--panel-2\"><i>Expandir<\/i><\/button>\n\t\t\t\t\t<ol>\n<li>O minist\u00e9rio prof\u00e9tico traz b\u00ean\u00e7\u00e3os<\/li>\n<li>O minist\u00e9rio prof\u00e9tico leva a cura<\/li>\n<li>O minist\u00e9rio prof\u00e9tico leva a liberta\u00e7\u00e3o<\/li>\n<li>O minist\u00e9rio prof\u00e9tico traz a vit\u00f3ria<\/li>\n<li>O minist\u00e9rio prof\u00e9tico traz prosperidade<\/li>\n<li>O minist\u00e9rio prof\u00e9tico traz sinais e maravilhas<\/li>\n<li>O minist\u00e9rio prof\u00e9tico traz conselhos para os empres\u00e1rios, l\u00edderes e reis<\/li>\n<li>O minist\u00e9rio prof\u00e9tico p\u00e1ra desastres, fomes e pragas numa na\u00e7\u00e3o<\/li>\n<li>O minist\u00e9rio prof\u00e9tico re\u00fane-nos em unidade<\/li>\n<li>O minist\u00e9rio prof\u00e9tico \u00e9 a \u00fanica escola mencionada na B\u00edblia<\/li>\n<\/ol>\n\t\t\t\t\t<a role=\"heading\" aria-level=\"2\" tabindex=\"-1\"  id=\"fl-accordion--label-3\">Podes esperar o seguinte<\/a>\n\t\t\t\t\t\t\t\t\t\t\t<button type=\"button\" id=\"fl-accordion--icon-3\" aria-expanded=\"false\" aria-controls=\"fl-accordion--panel-3\"><i>Expandir<\/i><\/button>\n\t\t\t\t\t<ul>\n<li>Interage com uma gama diversificada de colunas din\u00e2micas de todo o mundo, durante o hor\u00e1rio escolar e em servi\u00e7o.<\/li>\n<li>Comunidade e interc\u00e2mbio com outros estudantes, por exemplo, em pequenos grupos, pausas, etc.<\/li>\n<li>Oportunidade para perguntas pessoais e directas a pastores, l\u00edderes e oradores convidados.<\/li>\n<li>O ambiente da escola \u00e9 internacional: tanto os nossos alunos como os nossos professores e oradores convidados v\u00eam de uma grande variedade de pa\u00edses. Por isso, a l\u00edngua de ensino \u00e9 sempre em ingl\u00eas, alem\u00e3o e franc\u00eas!<\/li>\n<\/ul>\n\t\t\t\t\t<a role=\"heading\" aria-level=\"2\" tabindex=\"-1\"  id=\"fl-accordion--label-4\">Estacas<\/a>\n\t\t\t\t\t\t\t\t\t\t\t<button type=\"button\" id=\"fl-accordion--icon-4\" aria-expanded=\"false\" aria-controls=\"fl-accordion--panel-4\"><i>Expandir<\/i><\/button>\n\t\t\t\t\t<p>H\u00e1 novamente v\u00e1rias oportunidades de trabalho de alcance e miss\u00e3o no <strong>No Estrangeiro<\/strong>, em outros <strong>Igrejas<\/strong>, em <strong>Confer\u00eancias<\/strong> etc.<\/p>\n<p>Durante os sete meses do Prophetic School of Ministry, John Sagoe, ap\u00f3stolo do New International Church, gostaria muito que o acompanhasses numa das miss\u00f5es. Podes obter mais informa\u00e7\u00f5es na secretaria.<\/p>\n<p>Tais esfor\u00e7os s\u00e3o oferecidos para que o que \u00e9 aprendido possa ser aplicado, os talentos possam ser praticados e sirvam para o desenvolvimento da personalidade atrav\u00e9s do servi\u00e7o e da ajuda. Muitos experimentaram os esfor\u00e7os como uma ajuda para superar inseguran\u00e7as ou como um alargamento de horizontes.<\/p>\n\t\t\t\t\t<a role=\"heading\" aria-level=\"2\" tabindex=\"-1\"  id=\"fl-accordion--label-5\">Requisitos para os alunos<\/a>\n\t\t\t\t\t\t\t\t\t\t\t<button type=\"button\" id=\"fl-accordion--icon-5\" aria-expanded=\"false\" aria-controls=\"fl-accordion--panel-5\"><i>Expandir<\/i><\/button>\n\t\t\t\t\t<p>Os alunos n\u00e3o necessitam de conhecimentos teol\u00f3gicos ou tem\u00e1ticos pr\u00e9vios, nem de uma forma\u00e7\u00e3o religiosa ou acad\u00e9mica espec\u00edfica. A denomina\u00e7\u00e3o n\u00e3o desempenha qualquer papel no Prophetic School of Ministry. A escola destina-se tanto a principiantes como a estudantes avan\u00e7ados. Todos s\u00e3o bem-vindos!<\/p>\n<p>A escola de servi\u00e7o inclui tanto o aspeto da escola, onde se d\u00e1 a forma\u00e7\u00e3o crist\u00e3. Mas tamb\u00e9m o aspeto do servi\u00e7o, onde o dom individual \u00e9 utilizado. Aprende a servir, a dar e a ajudar. Deus d\u00e1-te a prosperidade.<\/p>\n\t\t\t\t\t<a role=\"heading\" aria-level=\"2\" tabindex=\"-1\"  id=\"fl-accordion--label-6\">Quem pode participar no \"Prophetic School of Ministry\"?<\/a>\n\t\t\t\t\t\t\t\t\t\t\t<button type=\"button\" id=\"fl-accordion--icon-6\" aria-expanded=\"false\" aria-controls=\"fl-accordion--panel-6\"><i>Expandir<\/i><\/button>\n\t\t\t\t\t<p>Qualquer pessoa pode inscrever-se e acreditar que tem um dom, uma miss\u00e3o ou uma mensagem que Deus pode usar para preparar o mundo para a vinda final de Jesus Cristo!<\/p>\n<p><em>\"Em verdade, em verdade te digo: Quem cr\u00ea em mim far\u00e1 tamb\u00e9m as obras que eu fa\u00e7o, e as far\u00e1 maiores do que estas, porque eu vou para meu Pai.\" Jo\u00e3o 14:12 (Schlachter 2000)<\/em><\/p>\n\t\t\t\t\t<a role=\"heading\" aria-level=\"2\" tabindex=\"-1\"  id=\"fl-accordion--label-7\">Dura\u00e7\u00e3o da escola<\/a>\n\t\t\t\t\t\t\t\t\t\t\t<button type=\"button\" id=\"fl-accordion--icon-7\" aria-expanded=\"false\" aria-controls=\"fl-accordion--panel-7\"><i>Expandir<\/i><\/button>\n\t\t\t\t\t<p>A escola tem a dura\u00e7\u00e3o de sete meses e realiza-se um fim de semana por m\u00eas. Come\u00e7a em setembro e prolonga-se at\u00e9 meados de mar\u00e7o.<\/p>\n\t\t\t\t\t<a role=\"heading\" aria-level=\"2\" tabindex=\"-1\"  id=\"fl-accordion--label-8\">Taxas escolares<\/a>\n\t\t\t\t\t\t\t\t\t\t\t<button type=\"button\" id=\"fl-accordion--icon-8\" aria-expanded=\"false\" aria-controls=\"fl-accordion--panel-8\"><i>Expandir<\/i><\/button>\n\t\t\t\t\t<p>A propina para sete meses \u00e9 de apenas 300 francos su\u00ed\u00e7os, e a raz\u00e3o pela qual queremos oferec\u00ea-la a um pre\u00e7o t\u00e3o baixo \u00e9 porque consideramos que um tal investimento na educa\u00e7\u00e3o crist\u00e3 \u00e9 rent\u00e1vel a longo prazo, e acreditamos no princ\u00edpio de semear e colher! Este montante simb\u00f3lico cobre apenas parcialmente os custos reais, mas torna a escola acess\u00edvel a todos. \u00c9 poss\u00edvel que haja uma coleta nos dias de abertura, uma vez que tamb\u00e9m h\u00e1 n\u00e3o alunos no edif\u00edcio.<\/p>\n<p>Contribui\u00e7\u00f5es adicionais: Para aqueles que participam pela primeira vez na Escola Prof\u00e9tica, cobramos uma contribui\u00e7\u00e3o de 5 francos su\u00ed\u00e7os para o crach\u00e1 e o cord\u00e3o de identifica\u00e7\u00e3o.<\/p>\n<p>O montante simb\u00f3lico de CHF 300 \u00e9 pago juntamente com a inscri\u00e7\u00e3o.<\/p>\n<p><em>O desconto para os participantes que se inscreverem mais cedo \u00e9 v\u00e1lido at\u00e9 31 de julho. Para as inscri\u00e7\u00f5es a partir de 1 de agosto, o desconto \u00e9 de CHF 380.\u00a0<\/em><\/p>\n<p>O montante n\u00e3o pode ser reembolsado retroativamente devido ao esfor\u00e7o administrativo envolvido, ver TCG.<\/p>","protected":false},"excerpt":{"rendered":"<p>Anmeldung Die Anmeldung 2026\/2027 ist er\u00f6ffnet &nbsp; Anmelden Eine Schule f\u00fcr prophetischen Weitblick. Wir glauben daran, dass jeder die Gabe der Prophetie hat und sie immer weiter ausbilden kann. John&hellip;<\/p>","protected":false},"author":1,"featured_media":0,"parent":0,"menu_order":0,"comment_status":"closed","ping_status":"closed","template":"","meta":{"_acf_changed":false,"footnotes":""},"class_list":["post-18","page","type-page","status-publish","hentry"],"acf":[],"sermons_blog_filters_topics":"\t\t\t\t<div class=\"sm-filtering\">\n\t\t\t\t\t<div id=\"wpfc_sermon_sorting\" class=\"no-spacing\">\n\t\t\t\t\t\t\t\t\t\t\t\t\t\n\t\t\t\t\t<div class=\"sortTopics\" style=\"display: inline-block\">\n\t\t\t\t<form action=\"https:\/\/www.psom.ch\/pt\/wp-json\/wp\/v2\/pages\/18\/\" method=\"get\">\n\t\t\t\t\t<select name=\"wpfc_sermon_topics\"\n\t\t\t\t\t\t\ttitle=\"Topic\"\n\t\t\t\t\t\t\tid=\"wpfc_sermon_topics\"\n\t\t\t\t\t\t\tonchange=\"if(this.options[this.selectedIndex].value !== ''){return this.form.submit()}else{window.location = window.location.href.split('?')[0];}\"\n\t\t\t\t\t\t\tautocomplete=\"off\"\n\t\t\t\t\t\t>\n\t\t\t\t\t\t<option value=\"\">Topic<\/option>\n\t\t\t\t\t\t\t\t\t\t\t<\/select>\n\t\t\t\t\t\t\t\t\t\t\t\t\t\t\t\t\t\t\t\t\t\t\t\t\t<noscript>\n\t\t\t\t\t\t<div><input type=\"submit\" value=\"Submit\"\/><\/div>\n\t\t\t\t\t<\/noscript>\n\t\t\t\t<\/form>\n\t\t\t<\/div>\n\t\t\t\t\t\t\t\t\t\t\t\t\t\t\t\t\t\t<\/div>\n\t\t\t\t<\/div>\n\t\t\t\t","sermons_blog_filters_series":"\t\t\t\t<div class=\"sm-filtering\">\n\t\t\t\t\t<div id=\"wpfc_sermon_sorting\" class=\"no-spacing\">\n\t\t\t\t\t\t\t\t\n\t\t\t\t\t<div class=\"sortSeries\" style=\"display: inline-block\">\n\t\t\t\t<form action=\"https:\/\/www.psom.ch\/pt\/wp-json\/wp\/v2\/pages\/18\/\" method=\"get\">\n\t\t\t\t\t<select name=\"wpfc_sermon_series\"\n\t\t\t\t\t\t\ttitle=\"Series\"\n\t\t\t\t\t\t\tid=\"wpfc_sermon_series\"\n\t\t\t\t\t\t\tonchange=\"if(this.options[this.selectedIndex].value !== ''){return this.form.submit()}else{window.location = window.location.href.split('?')[0];}\"\n\t\t\t\t\t\t\tautocomplete=\"off\"\n\t\t\t\t\t\t>\n\t\t\t\t\t\t<option value=\"\">Series<\/option>\n\t\t\t\t\t\t<option value=\"love-your-neighbour\" >Love Your Neighbour<\/option>\t\t\t\t\t<\/select>\n\t\t\t\t\t\t\t\t\t\t\t\t\t\t\t\t\t\t\t\t\t\t\t\t\t<noscript>\n\t\t\t\t\t\t<div><input type=\"submit\" value=\"Submit\"\/><\/div>\n\t\t\t\t\t<\/noscript>\n\t\t\t\t<\/form>\n\t\t\t<\/div>\n\t\t\t\t\t\t\t\t\t\t\t\t\t\t\t\t\t\t\t\t\t\t\t<\/div>\n\t\t\t\t<\/div>\n\t\t\t\t","sermons_blog_filters_preachers":"\t\t\t\t<div class=\"sm-filtering\">\n\t\t\t\t\t<div id=\"wpfc_sermon_sorting\" class=\"no-spacing\">\n\t\t\t\n\t\t\t\t\t<div class=\"sortPreacher\" style=\"display: inline-block\">\n\t\t\t\t<form action=\"https:\/\/www.psom.ch\/pt\/wp-json\/wp\/v2\/pages\/18\/\" method=\"get\">\n\t\t\t\t\t<select name=\"wpfc_preacher\"\n\t\t\t\t\t\t\ttitle=\"Redner\"\n\t\t\t\t\t\t\tid=\"wpfc_preacher\"\n\t\t\t\t\t\t\tonchange=\"if(this.options[this.selectedIndex].value !== ''){return this.form.submit()}else{window.location = window.location.href.split('?')[0];}\"\n\t\t\t\t\t\t\tautocomplete=\"off\"\n\t\t\t\t\t\t>\n\t\t\t\t\t\t<option value=\"\">Redner<\/option>\n\t\t\t\t\t\t<option value=\"max-muster\" >Max Muster<\/option>\t\t\t\t\t<\/select>\n\t\t\t\t\t\t\t\t\t\t\t\t\t\t\t\t\t\t\t\t\t\t\t\t\t<noscript>\n\t\t\t\t\t\t<div><input type=\"submit\" value=\"Submit\"\/><\/div>\n\t\t\t\t\t<\/noscript>\n\t\t\t\t<\/form>\n\t\t\t<\/div>\n\t\t\t\t\t\t\t\t\t\t\t\t\t\t\t\t\t\t\t\t\t\t\t\t\t\t\t\t<\/div>\n\t\t\t\t<\/div>\n\t\t\t\t","sermons_blog_filters_books":"\t\t\t\t<div class=\"sm-filtering\">\n\t\t\t\t\t<div id=\"wpfc_sermon_sorting\" class=\"no-spacing\">\n\t\t\t\t\t\t\t\t\t\t\t\t\t\t\t\t\t\t\n\t\t\t\t\t<div class=\"sortBooks\" style=\"display: inline-block\">\n\t\t\t\t<form action=\"https:\/\/www.psom.ch\/pt\/wp-json\/wp\/v2\/pages\/18\/\" method=\"get\">\n\t\t\t\t\t<select name=\"wpfc_bible_book\"\n\t\t\t\t\t\t\ttitle=\"Book\"\n\t\t\t\t\t\t\tid=\"wpfc_bible_book\"\n\t\t\t\t\t\t\tonchange=\"if(this.options[this.selectedIndex].value !== ''){return this.form.submit()}else{window.location = window.location.href.split('?')[0];}\"\n\t\t\t\t\t\t\tautocomplete=\"off\"\n\t\t\t\t\t\t>\n\t\t\t\t\t\t<option value=\"\">Book<\/option>\n\t\t\t\t\t\t\t\t\t\t\t<\/select>\n\t\t\t\t\t\t\t\t\t\t\t\t\t\t\t\t\t\t\t\t\t\t\t\t\t<noscript>\n\t\t\t\t\t\t<div><input type=\"submit\" value=\"Submit\"\/><\/div>\n\t\t\t\t\t<\/noscript>\n\t\t\t\t<\/form>\n\t\t\t<\/div>\n\t\t\t\t\t\t\t\t\t\t\t\t\t<\/div>\n\t\t\t\t<\/div>\n\t\t\t\t","sermons_blog_filters_service_types":"\t\t\t\t<div class=\"sm-filtering\">\n\t\t\t\t\t<div id=\"wpfc_sermon_sorting\" class=\"no-spacing\">\n\t\t\t\t\t\t\t\t\t\t\t\t\t\t\t\t\t\t\t\t\t\t\t\n\t\t\t\t\t<div class=\"sortServiceTypes\" style=\"display: inline-block\">\n\t\t\t\t<form action=\"https:\/\/www.psom.ch\/pt\/wp-json\/wp\/v2\/pages\/18\/\" method=\"get\">\n\t\t\t\t\t<select name=\"wpfc_service_type\"\n\t\t\t\t\t\t\ttitle=\"Dienstart\"\n\t\t\t\t\t\t\tid=\"wpfc_service_type\"\n\t\t\t\t\t\t\tonchange=\"if(this.options[this.selectedIndex].value !== ''){return this.form.submit()}else{window.location = window.location.href.split('?')[0];}\"\n\t\t\t\t\t\t\tautocomplete=\"off\"\n\t\t\t\t\t\t>\n\t\t\t\t\t\t<option value=\"\">Dienstart<\/option>\n\t\t\t\t\t\t<option value=\"gottesdienst\" >Gottesdienst<\/option>\t\t\t\t\t<\/select>\n\t\t\t\t\t\t\t\t\t\t\t\t\t\t\t\t\t\t\t\t\t\t\t\t\t<noscript>\n\t\t\t\t\t\t<div><input type=\"submit\" value=\"Submit\"\/><\/div>\n\t\t\t\t\t<\/noscript>\n\t\t\t\t<\/form>\n\t\t\t<\/div>\n\t\t\t\t\t\t\t\t<\/div>\n\t\t\t\t<\/div>\n\t\t\t\t","sermons_blog_filters_dates":"\t\t\t\t<div class=\"sm-filtering\">\n\t\t\t\t\t<div id=\"wpfc_sermon_sorting\" class=\"no-spacing\">\n\t\t\t\t\t\t\t\t\t\t\t\t\t\t\t\t\t\t\t\t\t\t\t\t\t\t\t\t\n\t\t\t\t\t<div class=\"sortDates\" style=\"display: inline-block\">\n\t\t\t\t<form action=\"https:\/\/www.psom.ch\/pt\/wp-json\/wp\/v2\/pages\/18\/\" method=\"get\">\n\t\t\t\t\t<select name=\"wpfc_dates\"\n\t\t\t\t\t\t\ttitle=\"Date\"\n\t\t\t\t\t\t\tid=\"wpfc_dates\"\n\t\t\t\t\t\t\tonchange=\"if(this.options[this.selectedIndex].value !== ''){return this.form.submit()}else{window.location = window.location.href.split('?')[0];}\"\n\t\t\t\t\t\t\tautocomplete=\"off\"\n\t\t\t\t\t\t>\n\t\t\t\t\t\t<option value=\"\">Date<\/option>\n\t\t\t\t\t\t<option value=\"02-2020\" >Feb 2020<\/option><option value=\"01-2020\" >Jan 2020<\/option>\t\t\t\t\t<\/select>\n\t\t\t\t\t\t\t\t\t\t\t\t\t\t\t\t\t\t\t\t\t\t\t\t\t<noscript>\n\t\t\t\t\t\t<div><input type=\"submit\" value=\"Submit\"\/><\/div>\n\t\t\t\t\t<\/noscript>\n\t\t\t\t<\/form>\n\t\t\t<\/div>\n\t\t\t<\/div>\n\t\t\t\t<\/div>\n\t\t\t\t","sermons_blog_image_url":"","sermons_blog_video":"","sermons_blog_series":false,"sermons_blog_meta_sermon_description":"","sermons_blog_show_readmore":false,"sermons_blog_audio":false,"sermons_blog_preacher_image":"","sermons_blog_preacher":false,"sermons_blog_bible_passage":null,"sermons_blog_service_type":false,"_links":{"self":[{"href":"https:\/\/www.psom.ch\/pt\/wp-json\/wp\/v2\/pages\/18","targetHints":{"allow":["GET"]}}],"collection":[{"href":"https:\/\/www.psom.ch\/pt\/wp-json\/wp\/v2\/pages"}],"about":[{"href":"https:\/\/www.psom.ch\/pt\/wp-json\/wp\/v2\/types\/page"}],"author":[{"embeddable":true,"href":"https:\/\/www.psom.ch\/pt\/wp-json\/wp\/v2\/users\/1"}],"replies":[{"embeddable":true,"href":"https:\/\/www.psom.ch\/pt\/wp-json\/wp\/v2\/comments?post=18"}],"version-history":[{"count":11,"href":"https:\/\/www.psom.ch\/pt\/wp-json\/wp\/v2\/pages\/18\/revisions"}],"predecessor-version":[{"id":7190,"href":"https:\/\/www.psom.ch\/pt\/wp-json\/wp\/v2\/pages\/18\/revisions\/7190"}],"wp:attachment":[{"href":"https:\/\/www.psom.ch\/pt\/wp-json\/wp\/v2\/media?parent=18"}],"curies":[{"name":"wp","href":"https:\/\/api.w.org\/{rel}","templated":true}]}}